{"id":20,"date":"2021-10-24T12:26:35","date_gmt":"2021-10-24T10:26:35","guid":{"rendered":"https:\/\/ferme-salles.azurewebsites.net\/?page_id=20"},"modified":"2021-10-24T12:26:35","modified_gmt":"2021-10-24T10:26:35","slug":"notre-gite","status":"publish","type":"page","link":"https:\/\/ferme-salles.azurewebsites.net\/index.php\/notre-gite\/","title":{"rendered":"Notre g\u00eete"},"content":{"rendered":"\n<p>G\u00eete \u00ab\u00a0sous le figuier\u00a0\u00bb &#8211; <strong>Laissez vous s\u00e9duire&#8230;<\/strong><\/p>\n\n\n\n<div class=\"wp-block-group\"><div class=\"wp-block-group__inner-container is-layout-flow wp-block-group-is-layout-flow\">\n<p> Le g\u00eete \u00ab\u00a0sous le figuier\u00a0\u00bb est une maison en bois massif pouvant accueillir 4 personnes. Situ\u00e9 \u00e0 100 m\u00e8tres de notre ferme. Dans un endroit tr\u00e8s calme, vos premiers voisins seront nos chevaux &#8230;<br>Iisol\u00e9 mais pas perdu, le g\u00eete \u00ab\u00a0sous le figuier\u00a0\u00bb n&rsquo;est qu&rsquo;\u00e0 7 kilom\u00e8tres de Mirande <\/p>\n<\/div><\/div>\n\n\n\n<figure class=\"wp-block-gallery columns-3 is-cropped wp-block-gallery-1 is-layout-flex wp-block-gallery-is-layout-flex\"><ul class=\"blocks-gallery-grid\"><li class=\"blocks-gallery-item\"><figure><img loading=\"lazy\" decoding=\"async\" width=\"300\" height=\"200\" src=\"\/wp-content\/uploads\/2021\/10\/gite_new_04-1-1.jpg\" alt=\"\" data-id=\"59\" data-link=\"https:\/\/ferme-salles.azurewebsites.net\/notre-gite\/gite_new_04-1\/\" class=\"wp-image-59\"\/><\/figure><\/li><li class=\"blocks-gallery-item\"><figure><img loading=\"lazy\" decoding=\"async\" width=\"180\" height=\"179\" src=\"\/wp-content\/uploads\/2021\/10\/gite01-1.jpg\" alt=\"\" data-id=\"60\" data-link=\"https:\/\/ferme-salles.azurewebsites.net\/notre-gite\/gite01\/\" class=\"wp-image-60\" srcset=\"\/wp-content\/uploads\/2021\/10\/gite01-1.jpg 180w, \/wp-content\/uploads\/2021\/10\/gite01-1-150x150.jpg 150w\" sizes=\"auto, (max-width: 180px) 100vw, 180px\" \/><\/figure><\/li><li class=\"blocks-gallery-item\"><figure><img loading=\"lazy\" decoding=\"async\" width=\"90\" height=\"120\" src=\"\/wp-content\/uploads\/2021\/10\/chambrebleue-1.jpg\" alt=\"\" data-id=\"61\" data-link=\"https:\/\/ferme-salles.azurewebsites.net\/notre-gite\/chambrebleue\/\" class=\"wp-image-61\"\/><\/figure><\/li><li class=\"blocks-gallery-item\"><figure><img loading=\"lazy\" decoding=\"async\" width=\"90\" height=\"120\" src=\"\/wp-content\/uploads\/2021\/10\/chambrejaune-1.jpg\" alt=\"\" data-id=\"62\" data-link=\"https:\/\/ferme-salles.azurewebsites.net\/notre-gite\/chambrejaune\/\" class=\"wp-image-62\"\/><\/figure><\/li><li class=\"blocks-gallery-item\"><figure><img loading=\"lazy\" decoding=\"async\" width=\"200\" height=\"300\" src=\"\/wp-content\/uploads\/2021\/10\/gite_new_01-1.jpg\" alt=\"\" data-id=\"63\" data-full-url=\"\/wp-content\/uploads\/2021\/10\/gite_new_01-1.jpg\" data-link=\"https:\/\/ferme-salles.azurewebsites.net\/notre-gite\/gite_new_01\/\" class=\"wp-image-63\"\/><\/figure><\/li><li class=\"blocks-gallery-item\"><figure><img loading=\"lazy\" decoding=\"async\" width=\"300\" height=\"200\" src=\"\/wp-content\/uploads\/2021\/10\/gite_new_02-1.jpg\" alt=\"\" data-id=\"64\" data-full-url=\"\/wp-content\/uploads\/2021\/10\/gite_new_02-1.jpg\" data-link=\"https:\/\/ferme-salles.azurewebsites.net\/notre-gite\/gite_new_02\/\" class=\"wp-image-64\"\/><\/figure><\/li><li class=\"blocks-gallery-item\"><figure><img loading=\"lazy\" decoding=\"async\" width=\"300\" height=\"200\" src=\"\/wp-content\/uploads\/2021\/10\/gite_new_03-1.jpg\" alt=\"\" data-id=\"65\" data-full-url=\"\/wp-content\/uploads\/2021\/10\/gite_new_03-1.jpg\" data-link=\"https:\/\/ferme-salles.azurewebsites.net\/notre-gite\/gite_new_03\/\" class=\"wp-image-65\"\/><\/figure><\/li><\/ul><\/figure>\n\n\n\n<p>Notre g\u00eete est ouvert toute l&rsquo;ann\u00e9e; pour r\u00e9server, n&rsquo;h\u00e9sitez pas \u00e0 nous contacter pour les disponibilit\u00e9s ( sur demande, nous pouvons vous envoyer une documentation ).<br>Les locations commencent le samedi apr\u00e8s 16 h et se terminent le samedi suivant avant 10 h.<\/p>\n\n\n\n<p><strong><em>TARIF :<br><\/em><\/strong>du 9 Juillet au 20 Ao\u00fbt : 400 \u20ac<br>de d\u00e9but Juin \u00e0 fin Septembre ainsi que les vacances scolaires (hors p\u00e9riode ci dessus ): 280 \u20ac<br>le restant de l&rsquo;ann\u00e9e : 200 \u20ac<br><br>Ce prix comprend les charges ( sauf le chauffage \u00e9lectrique ) et la location des draps.<\/p>\n","protected":false},"excerpt":{"rendered":"<p>G\u00eete \u00ab\u00a0sous le figuier\u00a0\u00bb &#8211; Laissez vous s\u00e9duire&#8230; Le g\u00eete \u00ab\u00a0sous le figuier\u00a0\u00bb est une maison en bois massif pouvant accueillir 4 personnes. Situ\u00e9 \u00e0 100 m\u00e8tres de notre ferme. Dans un endroit tr\u00e8s calme, vos premiers voisins seront nos chevaux &#8230;Iisol\u00e9 mais pas perdu, le g\u00eete \u00ab\u00a0sous le figuier\u00a0\u00bb n&rsquo;est qu&rsquo;\u00e0 7 kilom\u00e8tres de [&hellip;]<\/p>\n","protected":false},"author":1,"featured_media":0,"parent":0,"menu_order":0,"comment_status":"closed","ping_status":"closed","template":"","meta":{"footnotes":""},"class_list":["post-20","page","type-page","status-publish","hentry"],"_links":{"self":[{"href":"https:\/\/ferme-salles.azurewebsites.net\/index.php\/wp-json\/wp\/v2\/pages\/20","targetHints":{"allow":["GET"]}}],"collection":[{"href":"https:\/\/ferme-salles.azurewebsites.net\/index.php\/wp-json\/wp\/v2\/pages"}],"about":[{"href":"https:\/\/ferme-salles.azurewebsites.net\/index.php\/wp-json\/wp\/v2\/types\/page"}],"author":[{"embeddable":true,"href":"https:\/\/ferme-salles.azurewebsites.net\/index.php\/wp-json\/wp\/v2\/users\/1"}],"replies":[{"embeddable":true,"href":"https:\/\/ferme-salles.azurewebsites.net\/index.php\/wp-json\/wp\/v2\/comments?post=20"}],"version-history":[{"count":0,"href":"https:\/\/ferme-salles.azurewebsites.net\/index.php\/wp-json\/wp\/v2\/pages\/20\/revisions"}],"wp:attachment":[{"href":"https:\/\/ferme-salles.azurewebsites.net\/index.php\/wp-json\/wp\/v2\/media?parent=20"}],"curies":[{"name":"wp","href":"https:\/\/api.w.org\/{rel}","templated":true}]}}